{"id":737,"date":"2025-09-02T16:19:49","date_gmt":"2025-09-02T16:19:49","guid":{"rendered":"https:\/\/psicomineria.cl\/?page_id=737"},"modified":"2026-04-19T13:21:55","modified_gmt":"2026-04-19T13:21:55","slug":"servicios-actualizado","status":"publish","type":"page","link":"https:\/\/psicomineria.cl\/index.php\/servicios-actualizado\/","title":{"rendered":"Servicios actualizado"},"content":{"rendered":"\t\t<div data-elementor-type=\"wp-page\" data-elementor-id=\"737\" class=\"elementor elementor-737\" data-elementor-post-type=\"page\">\n\t\t\t\t<div class=\"elementor-element elementor-element-58129ff7 e-grid e-con-boxed e-con e-parent\" data-id=\"58129ff7\" data-element_type=\"container\" data-e-type=\"container\" id=\"xs_tab_5\" data-settings=\"{&quot;background_background&quot;:&quot;classic&quot;}\">\n\t\t\t\t\t<div class=\"e-con-inner\">\n\t\t\t\t<div class=\"elementor-element elementor-element-75a34c21 elementor-widget elementor-widget-elementskit-heading\" data-id=\"75a34c21\" data-element_type=\"widget\" data-e-type=\"widget\" data-widget_type=\"elementskit-heading.default\">\n\t\t\t\t\t<div class=\"ekit-wid-con\" ><div class=\"ekit-heading elementskit-section-title-wraper text_left   ekit_heading_tablet-   ekit_heading_mobile-\"><h2 class=\"ekit-heading--title elementskit-section-title \">Psicolog\u00eda Organizacional<\/h2>\t\t\t\t<div class='ekit-heading__description'>\n\t\t\t\t\t<p>Permite entender el comportamiento humano para optimizar la relaci\u00f3n entre el empleado y su entorno de trabajo.<\/p>\n\t\t\t\t<\/div>\n\t\t\t<\/div><\/div>\t\t\t\t<\/div>\n\t\t\t\t<div class=\"elementor-element elementor-element-7f4202d8 elementor-widget elementor-widget-elementskit-simple-tab\" data-id=\"7f4202d8\" data-element_type=\"widget\" data-e-type=\"widget\" data-widget_type=\"elementskit-simple-tab.default\">\n\t\t\t\t<div class=\"elementor-widget-container\">\n\t\t\t\t\t<div class=\"ekit-wid-con\" >        <div class=\"elementkit-tab-wraper  \">\n            <ul class=\"nav nav-tabs elementkit-tab-nav  elementskit_tab_border_bottm elementskit_tab_border_bottm elementskit-fullwidth-tab\">\n                                    <li class=\"elementkit-nav-item elementor-repeater-item-6ef235f\">\n                        <a class=\"elementkit-nav-link  active show left-pos\" id=\"content-6ef235f69e96ede5dc3f-tab\" data-ekit-handler-id=\"bienestar-laboral-integral\" data-ekit-toggle=\"tab\" data-target=\"#content-6ef235f69e96ede5dc3f\" href=\"#Content-6ef235f69e96ede5dc3f\"\n                            data-ekit-toggle-trigger=\"click\"\n                            aria-describedby=\"Content-6ef235f69e96ede5dc3f\">\n                            <span class=\"elementskit-tab-icon\"><i class=\"icon icon-earth\"><\/i><\/span>                            <span class=\"elementskit-tab-title\">Bienestar Laboral Integral<\/span>\n                        <\/a>\n                    <\/li>\n                                        <li class=\"elementkit-nav-item elementor-repeater-item-2a84f1c\">\n                        <a class=\"elementkit-nav-link  left-pos\" id=\"content-2a84f1c69e96ede5dc3f-tab\" data-ekit-handler-id=\"coaching-empresarial\" data-ekit-toggle=\"tab\" data-target=\"#content-2a84f1c69e96ede5dc3f\" href=\"#Content-2a84f1c69e96ede5dc3f\"\n                            data-ekit-toggle-trigger=\"click\"\n                            aria-describedby=\"Content-2a84f1c69e96ede5dc3f\">\n                                                        <span class=\"elementskit-tab-title\">Coaching Empresarial<\/span>\n                        <\/a>\n                    <\/li>\n                                        <li class=\"elementkit-nav-item elementor-repeater-item-1af8c5d\">\n                        <a class=\"elementkit-nav-link  left-pos\" id=\"content-1af8c5d69e96ede5dc3f-tab\" data-ekit-handler-id=\"-ley-karin-\" data-ekit-toggle=\"tab\" data-target=\"#content-1af8c5d69e96ede5dc3f\" href=\"#Content-1af8c5d69e96ede5dc3f\"\n                            data-ekit-toggle-trigger=\"click\"\n                            aria-describedby=\"Content-1af8c5d69e96ede5dc3f\">\n                                                        <span class=\"elementskit-tab-title\"> Ley karin <\/span>\n                        <\/a>\n                    <\/li>\n                                        <li class=\"elementkit-nav-item elementor-repeater-item-9077dfd\">\n                        <a class=\"elementkit-nav-link  left-pos\" id=\"content-9077dfd69e96ede5dc3f-tab\" data-ekit-handler-id=\"reclutamiento-selecci-n\" data-ekit-toggle=\"tab\" data-target=\"#content-9077dfd69e96ede5dc3f\" href=\"#Content-9077dfd69e96ede5dc3f\"\n                            data-ekit-toggle-trigger=\"click\"\n                            aria-describedby=\"Content-9077dfd69e96ede5dc3f\">\n                                                        <span class=\"elementskit-tab-title\">Reclutamiento &amp; Selecci\u00f3n<\/span>\n                        <\/a>\n                    <\/li>\n                                <\/ul>\n\n            <div class=\"tab-content elementkit-tab-content\">\n                                    <div class=\"tab-pane elementkit-tab-pane elementor-repeater-item-6ef235f  active show\" id=\"content-6ef235f69e96ede5dc3f\" role=\"tabpanel\"\n                         aria-labelledby=\"content-6ef235f69e96ede5dc3f-tab\">\n                        <div class=\"animated fadeIn\">\n                            <p>El objetivo principal es la salud mental corporativa, con un enfoque integral en las \u00e1reas de bienestar emocional, profesional y psicosocial, factores intangibles que se cultivan para asegurar un entorno de trabajo saludable, motivado y alineado con los valores de la empresa.<\/p><p>El servicios contempla un programa de bienestar y calidad de vida, sustentado en 4 pilares; Salud y bienestar; Desarrollo profesional y personal; Entorno laboral saludable; Seguridad y salud ocupacional.\u00a0<\/p>                        <\/div>\n                    <\/div>\n                                    <div class=\"tab-pane elementkit-tab-pane elementor-repeater-item-2a84f1c \" id=\"content-2a84f1c69e96ede5dc3f\" role=\"tabpanel\"\n                         aria-labelledby=\"content-2a84f1c69e96ede5dc3f-tab\">\n                        <div class=\"animated fadeIn\">\n                            <p>Dirigido a lideres y\/o equipo de trabajo. El Coaching es un proceso de acompa\u00f1amiento y entrenamiento para ayudar a una persona o grupo alcanzar metas espec\u00edficas, desarrollar habilidades y competencias, identificar y alcanzar objetivos.<\/p>                        <\/div>\n                    <\/div>\n                                    <div class=\"tab-pane elementkit-tab-pane elementor-repeater-item-1af8c5d \" id=\"content-1af8c5d69e96ede5dc3f\" role=\"tabpanel\"\n                         aria-labelledby=\"content-1af8c5d69e96ede5dc3f-tab\">\n                        <div class=\"animated fadeIn\">\n                            <p>\u00a0Asesor\u00edas orientadas a la implementaci\u00f3n \u00a0de programas, protocolos preventivos y capacitaci\u00f3n del personal para cumplir con la ley. Aportando valor y asegurando investigaciones imparciales con perspectiva de g\u00e9nero, mitigando riesgos legales mediante medidas de resguardo.<\/p>                        <\/div>\n                    <\/div>\n                                    <div class=\"tab-pane elementkit-tab-pane elementor-repeater-item-9077dfd \" id=\"content-9077dfd69e96ede5dc3f\" role=\"tabpanel\"\n                         aria-labelledby=\"content-9077dfd69e96ede5dc3f-tab\">\n                        <div class=\"animated fadeIn\">\n                            <p>Los servicios de reclutamiento y selecci\u00f3n de personal consisten en la b\u00fasqueda, evaluaci\u00f3n y contrataci\u00f3n de candidatos calificados para cubrir las vacantes.<\/p><p>Beneficios para las empresas:<\/p><ul><li><strong class=\"Yjhzub\" data-complete=\"true\">Acceso a talento de calidad<\/strong><\/li><li><strong class=\"Yjhzub\" data-complete=\"true\">Ahorro de costos y tiempo<\/strong><\/li><li><strong class=\"Yjhzub\" data-complete=\"true\">Reducci\u00f3n de la rotaci\u00f3n<\/strong><\/li><\/ul>                        <\/div>\n                    <\/div>\n                                \n            <\/div>\n                    <\/div>\n    <\/div>\t\t\t\t<\/div>\n\t\t\t\t<\/div>\n\t\t\t\t\t<\/div>\n\t\t\t\t<\/div>\n\t\t<div class=\"elementor-element elementor-element-8c846e7 e-grid e-con-boxed e-con e-parent\" data-id=\"8c846e7\" data-element_type=\"container\" data-e-type=\"container\" data-settings=\"{&quot;background_background&quot;:&quot;classic&quot;}\">\n\t\t\t\t\t<div class=\"e-con-inner\">\n\t\t\t\t<div class=\"elementor-element elementor-element-7d3045e elementor-widget elementor-widget-elementskit-heading\" data-id=\"7d3045e\" data-element_type=\"widget\" data-e-type=\"widget\" data-widget_type=\"elementskit-heading.default\">\n\t\t\t\t\t<div class=\"ekit-wid-con\" ><div class=\"ekit-heading elementskit-section-title-wraper text_left   ekit_heading_tablet-   ekit_heading_mobile-\"><h2 class=\"ekit-heading--title elementskit-section-title \">Salud y Seguridad Psicol\u00f3gica <\/h2>\t\t\t\t<div class='ekit-heading__description'>\n\t\t\t\t\t<p>Estrategia clave para reducir riesgos invisibles y fortalecer la cultura de seguridad\u00a0<\/p>\n\t\t\t\t<\/div>\n\t\t\t<\/div><\/div>\t\t\t\t<\/div>\n\t\t\t\t<div class=\"elementor-element elementor-element-aa2110b elementor-widget elementor-widget-elementskit-simple-tab\" data-id=\"aa2110b\" data-element_type=\"widget\" data-e-type=\"widget\" data-widget_type=\"elementskit-simple-tab.default\">\n\t\t\t\t<div class=\"elementor-widget-container\">\n\t\t\t\t\t<div class=\"ekit-wid-con\" >        <div class=\"elementkit-tab-wraper  \">\n            <ul class=\"nav nav-tabs elementkit-tab-nav  elementskit_tab_border_bottm elementskit_tab_border_bottm elementskit-fullwidth-tab\">\n                                    <li class=\"elementkit-nav-item elementor-repeater-item-0ad39f5\">\n                        <a class=\"elementkit-nav-link  active show left-pos\" id=\"content-0ad39f569e96ede5e4a3-tab\" data-ekit-handler-id=\"atenci-n-psicol-gica-temprana-apt-\" data-ekit-toggle=\"tab\" data-target=\"#content-0ad39f569e96ede5e4a3\" href=\"#Content-0ad39f569e96ede5e4a3\"\n                            data-ekit-toggle-trigger=\"click\"\n                            aria-describedby=\"Content-0ad39f569e96ede5e4a3\">\n                                                        <span class=\"elementskit-tab-title\">Atenci\u00f3n Psicol\u00f3gica Temprana (APT)<\/span>\n                        <\/a>\n                    <\/li>\n                                        <li class=\"elementkit-nav-item elementor-repeater-item-1af8c5d\">\n                        <a class=\"elementkit-nav-link  left-pos\" id=\"content-1af8c5d69e96ede5e4a3-tab\" data-ekit-handler-id=\"cultura-preventiva\" data-ekit-toggle=\"tab\" data-target=\"#content-1af8c5d69e96ede5e4a3\" href=\"#Content-1af8c5d69e96ede5e4a3\"\n                            data-ekit-toggle-trigger=\"click\"\n                            aria-describedby=\"Content-1af8c5d69e96ede5e4a3\">\n                                                        <span class=\"elementskit-tab-title\">Cultura Preventiva<\/span>\n                        <\/a>\n                    <\/li>\n                                        <li class=\"elementkit-nav-item elementor-repeater-item-d6f8a69\">\n                        <a class=\"elementkit-nav-link  left-pos\" id=\"content-d6f8a6969e96ede5e4a3-tab\" data-ekit-handler-id=\"riesgo-psicosocial\" data-ekit-toggle=\"tab\" data-target=\"#content-d6f8a6969e96ede5e4a3\" href=\"#Content-d6f8a6969e96ede5e4a3\"\n                            data-ekit-toggle-trigger=\"click\"\n                            aria-describedby=\"Content-d6f8a6969e96ede5e4a3\">\n                                                        <span class=\"elementskit-tab-title\">Riesgo Psicosocial<\/span>\n                        <\/a>\n                    <\/li>\n                                        <li class=\"elementkit-nav-item elementor-repeater-item-9077dfd\">\n                        <a class=\"elementkit-nav-link  left-pos\" id=\"content-9077dfd69e96ede5e4a3-tab\" data-ekit-handler-id=\"propensi-n-al-riesgo-de-accidentabilidad\" data-ekit-toggle=\"tab\" data-target=\"#content-9077dfd69e96ede5e4a3\" href=\"#Content-9077dfd69e96ede5e4a3\"\n                            data-ekit-toggle-trigger=\"click\"\n                            aria-describedby=\"Content-9077dfd69e96ede5e4a3\">\n                                                        <span class=\"elementskit-tab-title\">Propensi\u00f3n al riesgo de accidentabilidad<\/span>\n                        <\/a>\n                    <\/li>\n                                <\/ul>\n\n            <div class=\"tab-content elementkit-tab-content\">\n                                    <div class=\"tab-pane elementkit-tab-pane elementor-repeater-item-0ad39f5  active show\" id=\"content-0ad39f569e96ede5e4a3\" role=\"tabpanel\"\n                         aria-labelledby=\"content-0ad39f569e96ede5e4a3-tab\">\n                        <div class=\"animated fadeIn\">\n                            <p>Ofrecemos apoyo profesional r\u00e1pido tras situaciones de alto impacto. Su intervenci\u00f3n preventiva e inmediata, generalmente dentro de las primeras 24 a 48hrs ante eventos cr\u00edticos como acoso, violencia o accidente laboral. APT busca contener el impacto emocional, evitar trauma y prevenir enfermedades profesionales.<\/p>                        <\/div>\n                    <\/div>\n                                    <div class=\"tab-pane elementkit-tab-pane elementor-repeater-item-1af8c5d \" id=\"content-1af8c5d69e96ede5e4a3\" role=\"tabpanel\"\n                         aria-labelledby=\"content-1af8c5d69e96ede5e4a3-tab\">\n                        <div class=\"animated fadeIn\">\n                            <p>Nuestro modelo de cultura preventiva, nos invita a fortalecer la cultura de seguridad y\u00a0 comportamientos seguros, de la mano con los lideres de la organizaci\u00f3n, consolidando con el tiempo el cambio y mantenci\u00f3n.<\/p>                        <\/div>\n                    <\/div>\n                                    <div class=\"tab-pane elementkit-tab-pane elementor-repeater-item-d6f8a69 \" id=\"content-d6f8a6969e96ede5e4a3\" role=\"tabpanel\"\n                         aria-labelledby=\"content-d6f8a6969e96ede5e4a3-tab\">\n                        <div class=\"animated fadeIn\">\n                            <p>Aportamos desde la intervenci\u00f3n psicosocial de acuerdo a los resultados generados a partir de la aplicaci\u00f3n del cuestionario CEAL-SM, de aqu\u00ed la importancia que las organizaciones identifiquen, eval\u00faen y gestionen los riesgos psicosociales para crear un ambiente de trabajo saludable que favorezca el bienestar y el rendimiento de los trabajadores.<\/p><p>Consecuencias de los FRP pueden generar:<\/p><p><b>Salud mental<\/b>: Estr\u00e9s, ansiedad, depresi\u00f3n, agotamiento y desmotivaci\u00f3n laboral, etc.<\/p><p><b>Salud f\u00edsica<\/b>: Enfermedades cardiovasculares, trastornos musculoesquel\u00e9ticos, entre otros.<\/p><p><b>Conductas laborales<\/b>: Disminuci\u00f3n de la satisfacci\u00f3n, absentismo, aumento de errores y accidentes, etc.<\/p>                        <\/div>\n                    <\/div>\n                                    <div class=\"tab-pane elementkit-tab-pane elementor-repeater-item-9077dfd \" id=\"content-9077dfd69e96ede5e4a3\" role=\"tabpanel\"\n                         aria-labelledby=\"content-9077dfd69e96ede5e4a3-tab\">\n                        <div class=\"animated fadeIn\">\n                            <p>Realizamos evaluaciones de aversi\u00f3n al riesgo a trabajadores, analizando la tendencia o disposici\u00f3n de una persona a aceptar un nivel de riesgo para alcanzar sus objetivos. \u00a0Una alta propensi\u00f3n al riesgo indica que se aceptan mayores riesgos, mientras que una baja propensi\u00f3n significa una mayor aversi\u00f3n al riesgo y una preferencia por la seguridad,\u00a0<\/p>                        <\/div>\n                    <\/div>\n                                \n            <\/div>\n                    <\/div>\n    <\/div>\t\t\t\t<\/div>\n\t\t\t\t<\/div>\n\t\t\t\t\t<\/div>\n\t\t\t\t<\/div>\n\t\t\t\t<\/div>\n\t\t","protected":false},"excerpt":{"rendered":"<p>Psicolog\u00eda Organizacional Permite entender el comportamiento humano para optimizar la relaci\u00f3n entre el empleado y su entorno de trabajo. Bienestar Laboral Integral Coaching Empresarial Ley karin Reclutamiento &amp; Selecci\u00f3n El objetivo principal es la salud mental corporativa, con un enfoque integral en las \u00e1reas de bienestar emocional, profesional y psicosocial, factores intangibles que se cultivan [&hellip;]<\/p>\n","protected":false},"author":2,"featured_media":0,"parent":0,"menu_order":0,"comment_status":"closed","ping_status":"closed","template":"","meta":{"footnotes":""},"class_list":["post-737","page","type-page","status-publish","hentry"],"yoast_head":"<!-- This site is optimized with the Yoast SEO plugin v27.4 - https:\/\/yoast.com\/product\/yoast-seo-wordpress\/ -->\n<title>Servicios actualizado - psicomineria.cl<\/title>\n<meta name=\"robots\" content=\"index, follow, max-snippet:-1, max-image-preview:large, max-video-preview:-1\" \/>\n<link rel=\"canonical\" href=\"https:\/\/psicomineria.cl\/index.php\/servicios-actualizado\/\" \/>\n<meta property=\"og:locale\" content=\"es_ES\" \/>\n<meta property=\"og:type\" content=\"article\" \/>\n<meta property=\"og:title\" content=\"Servicios actualizado - psicomineria.cl\" \/>\n<meta property=\"og:description\" content=\"Psicolog\u00eda Organizacional Permite entender el comportamiento humano para optimizar la relaci\u00f3n entre el empleado y su entorno de trabajo. Bienestar Laboral Integral Coaching Empresarial Ley karin Reclutamiento &amp; Selecci\u00f3n El objetivo principal es la salud mental corporativa, con un enfoque integral en las \u00e1reas de bienestar emocional, profesional y psicosocial, factores intangibles que se cultivan [&hellip;]\" \/>\n<meta property=\"og:url\" content=\"https:\/\/psicomineria.cl\/index.php\/servicios-actualizado\/\" \/>\n<meta property=\"og:site_name\" content=\"psicomineria.cl\" \/>\n<meta property=\"article:modified_time\" content=\"2026-04-19T13:21:55+00:00\" \/>\n<meta name=\"twitter:card\" content=\"summary_large_image\" \/>\n<meta name=\"twitter:label1\" content=\"Tiempo de lectura\" \/>\n\t<meta name=\"twitter:data1\" content=\"3 minutos\" \/>\n<script type=\"application\/ld+json\" class=\"yoast-schema-graph\">{\"@context\":\"https:\\\/\\\/schema.org\",\"@graph\":[{\"@type\":\"WebPage\",\"@id\":\"https:\\\/\\\/psicomineria.cl\\\/index.php\\\/servicios-actualizado\\\/\",\"url\":\"https:\\\/\\\/psicomineria.cl\\\/index.php\\\/servicios-actualizado\\\/\",\"name\":\"Servicios actualizado - psicomineria.cl\",\"isPartOf\":{\"@id\":\"https:\\\/\\\/psicomineria.cl\\\/#website\"},\"datePublished\":\"2025-09-02T16:19:49+00:00\",\"dateModified\":\"2026-04-19T13:21:55+00:00\",\"breadcrumb\":{\"@id\":\"https:\\\/\\\/psicomineria.cl\\\/index.php\\\/servicios-actualizado\\\/#breadcrumb\"},\"inLanguage\":\"es\",\"potentialAction\":[{\"@type\":\"ReadAction\",\"target\":[\"https:\\\/\\\/psicomineria.cl\\\/index.php\\\/servicios-actualizado\\\/\"]}]},{\"@type\":\"BreadcrumbList\",\"@id\":\"https:\\\/\\\/psicomineria.cl\\\/index.php\\\/servicios-actualizado\\\/#breadcrumb\",\"itemListElement\":[{\"@type\":\"ListItem\",\"position\":1,\"name\":\"Portada\",\"item\":\"https:\\\/\\\/psicomineria.cl\\\/\"},{\"@type\":\"ListItem\",\"position\":2,\"name\":\"Servicios actualizado\"}]},{\"@type\":\"WebSite\",\"@id\":\"https:\\\/\\\/psicomineria.cl\\\/#website\",\"url\":\"https:\\\/\\\/psicomineria.cl\\\/\",\"name\":\"psicomineria.cl\",\"description\":\"\",\"publisher\":{\"@id\":\"https:\\\/\\\/psicomineria.cl\\\/#organization\"},\"potentialAction\":[{\"@type\":\"SearchAction\",\"target\":{\"@type\":\"EntryPoint\",\"urlTemplate\":\"https:\\\/\\\/psicomineria.cl\\\/?s={search_term_string}\"},\"query-input\":{\"@type\":\"PropertyValueSpecification\",\"valueRequired\":true,\"valueName\":\"search_term_string\"}}],\"inLanguage\":\"es\"},{\"@type\":\"Organization\",\"@id\":\"https:\\\/\\\/psicomineria.cl\\\/#organization\",\"name\":\"psicomineria.cl\",\"url\":\"https:\\\/\\\/psicomineria.cl\\\/\",\"logo\":{\"@type\":\"ImageObject\",\"inLanguage\":\"es\",\"@id\":\"https:\\\/\\\/psicomineria.cl\\\/#\\\/schema\\\/logo\\\/image\\\/\",\"url\":\"https:\\\/\\\/psicomineria.cl\\\/wp-content\\\/uploads\\\/2025\\\/07\\\/logo90092.png\",\"contentUrl\":\"https:\\\/\\\/psicomineria.cl\\\/wp-content\\\/uploads\\\/2025\\\/07\\\/logo90092.png\",\"width\":1108,\"height\":440,\"caption\":\"psicomineria.cl\"},\"image\":{\"@id\":\"https:\\\/\\\/psicomineria.cl\\\/#\\\/schema\\\/logo\\\/image\\\/\"}}]}<\/script>\n<!-- \/ Yoast SEO plugin. -->","yoast_head_json":{"title":"Servicios actualizado - psicomineria.cl","robots":{"index":"index","follow":"follow","max-snippet":"max-snippet:-1","max-image-preview":"max-image-preview:large","max-video-preview":"max-video-preview:-1"},"canonical":"https:\/\/psicomineria.cl\/index.php\/servicios-actualizado\/","og_locale":"es_ES","og_type":"article","og_title":"Servicios actualizado - psicomineria.cl","og_description":"Psicolog\u00eda Organizacional Permite entender el comportamiento humano para optimizar la relaci\u00f3n entre el empleado y su entorno de trabajo. Bienestar Laboral Integral Coaching Empresarial Ley karin Reclutamiento &amp; Selecci\u00f3n El objetivo principal es la salud mental corporativa, con un enfoque integral en las \u00e1reas de bienestar emocional, profesional y psicosocial, factores intangibles que se cultivan [&hellip;]","og_url":"https:\/\/psicomineria.cl\/index.php\/servicios-actualizado\/","og_site_name":"psicomineria.cl","article_modified_time":"2026-04-19T13:21:55+00:00","twitter_card":"summary_large_image","twitter_misc":{"Tiempo de lectura":"3 minutos"},"schema":{"@context":"https:\/\/schema.org","@graph":[{"@type":"WebPage","@id":"https:\/\/psicomineria.cl\/index.php\/servicios-actualizado\/","url":"https:\/\/psicomineria.cl\/index.php\/servicios-actualizado\/","name":"Servicios actualizado - psicomineria.cl","isPartOf":{"@id":"https:\/\/psicomineria.cl\/#website"},"datePublished":"2025-09-02T16:19:49+00:00","dateModified":"2026-04-19T13:21:55+00:00","breadcrumb":{"@id":"https:\/\/psicomineria.cl\/index.php\/servicios-actualizado\/#breadcrumb"},"inLanguage":"es","potentialAction":[{"@type":"ReadAction","target":["https:\/\/psicomineria.cl\/index.php\/servicios-actualizado\/"]}]},{"@type":"BreadcrumbList","@id":"https:\/\/psicomineria.cl\/index.php\/servicios-actualizado\/#breadcrumb","itemListElement":[{"@type":"ListItem","position":1,"name":"Portada","item":"https:\/\/psicomineria.cl\/"},{"@type":"ListItem","position":2,"name":"Servicios actualizado"}]},{"@type":"WebSite","@id":"https:\/\/psicomineria.cl\/#website","url":"https:\/\/psicomineria.cl\/","name":"psicomineria.cl","description":"","publisher":{"@id":"https:\/\/psicomineria.cl\/#organization"},"potentialAction":[{"@type":"SearchAction","target":{"@type":"EntryPoint","urlTemplate":"https:\/\/psicomineria.cl\/?s={search_term_string}"},"query-input":{"@type":"PropertyValueSpecification","valueRequired":true,"valueName":"search_term_string"}}],"inLanguage":"es"},{"@type":"Organization","@id":"https:\/\/psicomineria.cl\/#organization","name":"psicomineria.cl","url":"https:\/\/psicomineria.cl\/","logo":{"@type":"ImageObject","inLanguage":"es","@id":"https:\/\/psicomineria.cl\/#\/schema\/logo\/image\/","url":"https:\/\/psicomineria.cl\/wp-content\/uploads\/2025\/07\/logo90092.png","contentUrl":"https:\/\/psicomineria.cl\/wp-content\/uploads\/2025\/07\/logo90092.png","width":1108,"height":440,"caption":"psicomineria.cl"},"image":{"@id":"https:\/\/psicomineria.cl\/#\/schema\/logo\/image\/"}}]}},"_links":{"self":[{"href":"https:\/\/psicomineria.cl\/index.php\/wp-json\/wp\/v2\/pages\/737","targetHints":{"allow":["GET"]}}],"collection":[{"href":"https:\/\/psicomineria.cl\/index.php\/wp-json\/wp\/v2\/pages"}],"about":[{"href":"https:\/\/psicomineria.cl\/index.php\/wp-json\/wp\/v2\/types\/page"}],"author":[{"embeddable":true,"href":"https:\/\/psicomineria.cl\/index.php\/wp-json\/wp\/v2\/users\/2"}],"replies":[{"embeddable":true,"href":"https:\/\/psicomineria.cl\/index.php\/wp-json\/wp\/v2\/comments?post=737"}],"version-history":[{"count":77,"href":"https:\/\/psicomineria.cl\/index.php\/wp-json\/wp\/v2\/pages\/737\/revisions"}],"predecessor-version":[{"id":1398,"href":"https:\/\/psicomineria.cl\/index.php\/wp-json\/wp\/v2\/pages\/737\/revisions\/1398"}],"wp:attachment":[{"href":"https:\/\/psicomineria.cl\/index.php\/wp-json\/wp\/v2\/media?parent=737"}],"curies":[{"name":"wp","href":"https:\/\/api.w.org\/{rel}","templated":true}]}}