{"id":96,"date":"2025-07-21T19:57:31","date_gmt":"2025-07-21T19:57:31","guid":{"rendered":"https:\/\/psicomineria.cl\/?page_id=96"},"modified":"2026-04-12T12:38:18","modified_gmt":"2026-04-12T12:38:18","slug":"elementor-pagina-96","status":"publish","type":"page","link":"https:\/\/psicomineria.cl\/index.php\/elementor-pagina-96\/","title":{"rendered":"Nosotros."},"content":{"rendered":"\t\t<div data-elementor-type=\"wp-page\" data-elementor-id=\"96\" class=\"elementor elementor-96\" data-elementor-post-type=\"page\">\n\t\t\t\t<div class=\"elementor-element elementor-element-f21b93f e-flex e-con-boxed e-con e-parent\" data-id=\"f21b93f\" data-element_type=\"container\" data-e-type=\"container\">\n\t\t\t\t\t<div class=\"e-con-inner\">\n\t\t<div class=\"elementor-element elementor-element-3b2d9cb4 e-con-full elementor-hidden-mobile e-flex e-con e-child\" data-id=\"3b2d9cb4\" data-element_type=\"container\" data-e-type=\"container\" data-settings=\"{&quot;background_background&quot;:&quot;classic&quot;}\">\n\t\t\t\t<\/div>\n\t\t<div class=\"elementor-element elementor-element-6399296 e-con-full e-flex e-con e-child\" data-id=\"6399296\" data-element_type=\"container\" data-e-type=\"container\" data-settings=\"{&quot;background_background&quot;:&quot;classic&quot;}\">\n\t\t\t\t<div class=\"elementor-element elementor-element-29c148e3 elementor-widget elementor-widget-elementskit-heading\" data-id=\"29c148e3\" data-element_type=\"widget\" data-e-type=\"widget\" data-widget_type=\"elementskit-heading.default\">\n\t\t\t\t\t<div class=\"ekit-wid-con\" ><div class=\"ekit-heading elementskit-section-title-wraper text_left   ekit_heading_tablet-   ekit_heading_mobile-\"><h2 class=\"ekit-heading--title elementskit-section-title \">Quienes Somos<\/h2><\/div><\/div>\t\t\t\t<\/div>\n\t\t\t\t<div class=\"elementor-element elementor-element-ba1648e elementor-widget elementor-widget-text-editor\" data-id=\"ba1648e\" data-element_type=\"widget\" data-e-type=\"widget\" data-widget_type=\"text-editor.default\">\n\t\t\t\t\t\t\t\t\t<p>Somos una empresa con profesionales altamente capacitados, con amplia experiencia en servicios para la industria en general, nuestro \u00e9nfasis en la gesti\u00f3n, fortalecimiento, desarrollo y cuidado del capital humano, clave para el \u00e9xito de cada proyecto y crecimiento organizacional.<\/p>\t\t\t\t\t\t\t\t<\/div>\n\t\t\t\t<div class=\"elementor-element elementor-element-2bacc944 elementor-widget elementor-widget-elementskit-progressbar\" data-id=\"2bacc944\" data-element_type=\"widget\" data-e-type=\"widget\" data-widget_type=\"elementskit-progressbar.default\">\n\t\t\t\t<div class=\"elementor-widget-container\">\n\t\t\t\t\t<div class=\"ekit-wid-con\" >        <div class=\"waypoint-tigger\">\n            <div class=\"skillbar-group \" data-progress-bar=\"\">\n                <div class=\"single-skill-bar\">\n                                            <div class=\"skill-bar-content\">\n                            <span class=\"skill-title\">Ingenier\u00eda Integral<\/span>\n                        <\/div><!-- .skill-bar-content END -->\n                        <div class=\"skill-bar\">\n                            <div class=\"skill-track\">\n                                \n                                <div class=\"number-percentage-wraper\">\n                                    <span class=\"number-percentage\" data-value=\"90\" data-animation-duration=\"3500\">0<\/span>%\n\n                                                                    <\/div>\n                            <\/div>\n                        <\/div><!-- .skill-bar END -->\n                                    <\/div><!-- .single-skill-bar END -->\n            <\/div><!-- .skillbar-group END -->\n        <\/div>\n        <\/div>\t\t\t\t<\/div>\n\t\t\t\t<\/div>\n\t\t\t\t<div class=\"elementor-element elementor-element-6aba0562 elementor-widget elementor-widget-elementskit-progressbar\" data-id=\"6aba0562\" data-element_type=\"widget\" data-e-type=\"widget\" data-widget_type=\"elementskit-progressbar.default\">\n\t\t\t\t<div class=\"elementor-widget-container\">\n\t\t\t\t\t<div class=\"ekit-wid-con\" >        <div class=\"waypoint-tigger\">\n            <div class=\"skillbar-group \" data-progress-bar=\"\">\n                <div class=\"single-skill-bar\">\n                                            <div class=\"skill-bar-content\">\n                            <span class=\"skill-title\">Bienestar &amp; Seguridad Psicol\u00f3gica<\/span>\n                        <\/div><!-- .skill-bar-content END -->\n                        <div class=\"skill-bar\">\n                            <div class=\"skill-track\">\n                                \n                                <div class=\"number-percentage-wraper\">\n                                    <span class=\"number-percentage\" data-value=\"95\" data-animation-duration=\"3500\">0<\/span>%\n\n                                                                    <\/div>\n                            <\/div>\n                        <\/div><!-- .skill-bar END -->\n                                    <\/div><!-- .single-skill-bar END -->\n            <\/div><!-- .skillbar-group END -->\n        <\/div>\n        <\/div>\t\t\t\t<\/div>\n\t\t\t\t<\/div>\n\t\t\t\t<div class=\"elementor-element elementor-element-55968311 elementor-widget elementor-widget-elementskit-progressbar\" data-id=\"55968311\" data-element_type=\"widget\" data-e-type=\"widget\" data-widget_type=\"elementskit-progressbar.default\">\n\t\t\t\t<div class=\"elementor-widget-container\">\n\t\t\t\t\t<div class=\"ekit-wid-con\" >        <div class=\"waypoint-tigger\">\n            <div class=\"skillbar-group \" data-progress-bar=\"\">\n                <div class=\"single-skill-bar\">\n                                            <div class=\"skill-bar-content\">\n                            <span class=\"skill-title\">Psicolog\u00eda Laboral<\/span>\n                        <\/div><!-- .skill-bar-content END -->\n                        <div class=\"skill-bar\">\n                            <div class=\"skill-track\">\n                                \n                                <div class=\"number-percentage-wraper\">\n                                    <span class=\"number-percentage\" data-value=\"98\" data-animation-duration=\"3500\">0<\/span>%\n\n                                                                    <\/div>\n                            <\/div>\n                        <\/div><!-- .skill-bar END -->\n                                    <\/div><!-- .single-skill-bar END -->\n            <\/div><!-- .skillbar-group END -->\n        <\/div>\n        <\/div>\t\t\t\t<\/div>\n\t\t\t\t<\/div>\n\t\t\t\t<\/div>\n\t\t\t\t\t<\/div>\n\t\t\t\t<\/div>\n\t\t\t\t<\/div>\n\t\t","protected":false},"excerpt":{"rendered":"<p>Quienes Somos Somos una empresa con profesionales altamente capacitados, con amplia experiencia en servicios para la industria en general, nuestro \u00e9nfasis en la gesti\u00f3n, fortalecimiento, desarrollo y cuidado del capital humano, clave para el \u00e9xito de cada proyecto y crecimiento organizacional. Ingenier\u00eda Integral 0% Bienestar &amp; Seguridad Psicol\u00f3gica 0% Psicolog\u00eda Laboral 0%<\/p>\n","protected":false},"author":2,"featured_media":0,"parent":0,"menu_order":0,"comment_status":"closed","ping_status":"closed","template":"","meta":{"footnotes":""},"class_list":["post-96","page","type-page","status-publish","hentry"],"yoast_head":"<!-- This site is optimized with the Yoast SEO plugin v27.4 - https:\/\/yoast.com\/product\/yoast-seo-wordpress\/ -->\n<title>Nosotros. - psicomineria.cl<\/title>\n<meta name=\"robots\" content=\"index, follow, max-snippet:-1, max-image-preview:large, max-video-preview:-1\" \/>\n<link rel=\"canonical\" href=\"https:\/\/psicomineria.cl\/index.php\/elementor-pagina-96\/\" \/>\n<meta property=\"og:locale\" content=\"es_ES\" \/>\n<meta property=\"og:type\" content=\"article\" \/>\n<meta property=\"og:title\" content=\"Nosotros. - psicomineria.cl\" \/>\n<meta property=\"og:description\" content=\"Quienes Somos Somos una empresa con profesionales altamente capacitados, con amplia experiencia en servicios para la industria en general, nuestro \u00e9nfasis en la gesti\u00f3n, fortalecimiento, desarrollo y cuidado del capital humano, clave para el \u00e9xito de cada proyecto y crecimiento organizacional. Ingenier\u00eda Integral 0% Bienestar &amp; Seguridad Psicol\u00f3gica 0% Psicolog\u00eda Laboral 0%\" \/>\n<meta property=\"og:url\" content=\"https:\/\/psicomineria.cl\/index.php\/elementor-pagina-96\/\" \/>\n<meta property=\"og:site_name\" content=\"psicomineria.cl\" \/>\n<meta property=\"article:modified_time\" content=\"2026-04-12T12:38:18+00:00\" \/>\n<meta name=\"twitter:card\" content=\"summary_large_image\" \/>\n<meta name=\"twitter:label1\" content=\"Tiempo de lectura\" \/>\n\t<meta name=\"twitter:data1\" content=\"1 minuto\" \/>\n<script type=\"application\/ld+json\" class=\"yoast-schema-graph\">{\"@context\":\"https:\\\/\\\/schema.org\",\"@graph\":[{\"@type\":\"WebPage\",\"@id\":\"https:\\\/\\\/psicomineria.cl\\\/index.php\\\/elementor-pagina-96\\\/\",\"url\":\"https:\\\/\\\/psicomineria.cl\\\/index.php\\\/elementor-pagina-96\\\/\",\"name\":\"Nosotros. - psicomineria.cl\",\"isPartOf\":{\"@id\":\"https:\\\/\\\/psicomineria.cl\\\/#website\"},\"datePublished\":\"2025-07-21T19:57:31+00:00\",\"dateModified\":\"2026-04-12T12:38:18+00:00\",\"breadcrumb\":{\"@id\":\"https:\\\/\\\/psicomineria.cl\\\/index.php\\\/elementor-pagina-96\\\/#breadcrumb\"},\"inLanguage\":\"es\",\"potentialAction\":[{\"@type\":\"ReadAction\",\"target\":[\"https:\\\/\\\/psicomineria.cl\\\/index.php\\\/elementor-pagina-96\\\/\"]}]},{\"@type\":\"BreadcrumbList\",\"@id\":\"https:\\\/\\\/psicomineria.cl\\\/index.php\\\/elementor-pagina-96\\\/#breadcrumb\",\"itemListElement\":[{\"@type\":\"ListItem\",\"position\":1,\"name\":\"Portada\",\"item\":\"https:\\\/\\\/psicomineria.cl\\\/\"},{\"@type\":\"ListItem\",\"position\":2,\"name\":\"Nosotros.\"}]},{\"@type\":\"WebSite\",\"@id\":\"https:\\\/\\\/psicomineria.cl\\\/#website\",\"url\":\"https:\\\/\\\/psicomineria.cl\\\/\",\"name\":\"psicomineria.cl\",\"description\":\"\",\"publisher\":{\"@id\":\"https:\\\/\\\/psicomineria.cl\\\/#organization\"},\"potentialAction\":[{\"@type\":\"SearchAction\",\"target\":{\"@type\":\"EntryPoint\",\"urlTemplate\":\"https:\\\/\\\/psicomineria.cl\\\/?s={search_term_string}\"},\"query-input\":{\"@type\":\"PropertyValueSpecification\",\"valueRequired\":true,\"valueName\":\"search_term_string\"}}],\"inLanguage\":\"es\"},{\"@type\":\"Organization\",\"@id\":\"https:\\\/\\\/psicomineria.cl\\\/#organization\",\"name\":\"psicomineria.cl\",\"url\":\"https:\\\/\\\/psicomineria.cl\\\/\",\"logo\":{\"@type\":\"ImageObject\",\"inLanguage\":\"es\",\"@id\":\"https:\\\/\\\/psicomineria.cl\\\/#\\\/schema\\\/logo\\\/image\\\/\",\"url\":\"https:\\\/\\\/psicomineria.cl\\\/wp-content\\\/uploads\\\/2025\\\/07\\\/logo90092.png\",\"contentUrl\":\"https:\\\/\\\/psicomineria.cl\\\/wp-content\\\/uploads\\\/2025\\\/07\\\/logo90092.png\",\"width\":1108,\"height\":440,\"caption\":\"psicomineria.cl\"},\"image\":{\"@id\":\"https:\\\/\\\/psicomineria.cl\\\/#\\\/schema\\\/logo\\\/image\\\/\"}}]}<\/script>\n<!-- \/ Yoast SEO plugin. -->","yoast_head_json":{"title":"Nosotros. - psicomineria.cl","robots":{"index":"index","follow":"follow","max-snippet":"max-snippet:-1","max-image-preview":"max-image-preview:large","max-video-preview":"max-video-preview:-1"},"canonical":"https:\/\/psicomineria.cl\/index.php\/elementor-pagina-96\/","og_locale":"es_ES","og_type":"article","og_title":"Nosotros. - psicomineria.cl","og_description":"Quienes Somos Somos una empresa con profesionales altamente capacitados, con amplia experiencia en servicios para la industria en general, nuestro \u00e9nfasis en la gesti\u00f3n, fortalecimiento, desarrollo y cuidado del capital humano, clave para el \u00e9xito de cada proyecto y crecimiento organizacional. Ingenier\u00eda Integral 0% Bienestar &amp; Seguridad Psicol\u00f3gica 0% Psicolog\u00eda Laboral 0%","og_url":"https:\/\/psicomineria.cl\/index.php\/elementor-pagina-96\/","og_site_name":"psicomineria.cl","article_modified_time":"2026-04-12T12:38:18+00:00","twitter_card":"summary_large_image","twitter_misc":{"Tiempo de lectura":"1 minuto"},"schema":{"@context":"https:\/\/schema.org","@graph":[{"@type":"WebPage","@id":"https:\/\/psicomineria.cl\/index.php\/elementor-pagina-96\/","url":"https:\/\/psicomineria.cl\/index.php\/elementor-pagina-96\/","name":"Nosotros. - psicomineria.cl","isPartOf":{"@id":"https:\/\/psicomineria.cl\/#website"},"datePublished":"2025-07-21T19:57:31+00:00","dateModified":"2026-04-12T12:38:18+00:00","breadcrumb":{"@id":"https:\/\/psicomineria.cl\/index.php\/elementor-pagina-96\/#breadcrumb"},"inLanguage":"es","potentialAction":[{"@type":"ReadAction","target":["https:\/\/psicomineria.cl\/index.php\/elementor-pagina-96\/"]}]},{"@type":"BreadcrumbList","@id":"https:\/\/psicomineria.cl\/index.php\/elementor-pagina-96\/#breadcrumb","itemListElement":[{"@type":"ListItem","position":1,"name":"Portada","item":"https:\/\/psicomineria.cl\/"},{"@type":"ListItem","position":2,"name":"Nosotros."}]},{"@type":"WebSite","@id":"https:\/\/psicomineria.cl\/#website","url":"https:\/\/psicomineria.cl\/","name":"psicomineria.cl","description":"","publisher":{"@id":"https:\/\/psicomineria.cl\/#organization"},"potentialAction":[{"@type":"SearchAction","target":{"@type":"EntryPoint","urlTemplate":"https:\/\/psicomineria.cl\/?s={search_term_string}"},"query-input":{"@type":"PropertyValueSpecification","valueRequired":true,"valueName":"search_term_string"}}],"inLanguage":"es"},{"@type":"Organization","@id":"https:\/\/psicomineria.cl\/#organization","name":"psicomineria.cl","url":"https:\/\/psicomineria.cl\/","logo":{"@type":"ImageObject","inLanguage":"es","@id":"https:\/\/psicomineria.cl\/#\/schema\/logo\/image\/","url":"https:\/\/psicomineria.cl\/wp-content\/uploads\/2025\/07\/logo90092.png","contentUrl":"https:\/\/psicomineria.cl\/wp-content\/uploads\/2025\/07\/logo90092.png","width":1108,"height":440,"caption":"psicomineria.cl"},"image":{"@id":"https:\/\/psicomineria.cl\/#\/schema\/logo\/image\/"}}]}},"_links":{"self":[{"href":"https:\/\/psicomineria.cl\/index.php\/wp-json\/wp\/v2\/pages\/96","targetHints":{"allow":["GET"]}}],"collection":[{"href":"https:\/\/psicomineria.cl\/index.php\/wp-json\/wp\/v2\/pages"}],"about":[{"href":"https:\/\/psicomineria.cl\/index.php\/wp-json\/wp\/v2\/types\/page"}],"author":[{"embeddable":true,"href":"https:\/\/psicomineria.cl\/index.php\/wp-json\/wp\/v2\/users\/2"}],"replies":[{"embeddable":true,"href":"https:\/\/psicomineria.cl\/index.php\/wp-json\/wp\/v2\/comments?post=96"}],"version-history":[{"count":155,"href":"https:\/\/psicomineria.cl\/index.php\/wp-json\/wp\/v2\/pages\/96\/revisions"}],"predecessor-version":[{"id":1358,"href":"https:\/\/psicomineria.cl\/index.php\/wp-json\/wp\/v2\/pages\/96\/revisions\/1358"}],"wp:attachment":[{"href":"https:\/\/psicomineria.cl\/index.php\/wp-json\/wp\/v2\/media?parent=96"}],"curies":[{"name":"wp","href":"https:\/\/api.w.org\/{rel}","templated":true}]}}