{"id":974,"date":"2025-09-20T18:03:41","date_gmt":"2025-09-20T18:03:41","guid":{"rendered":"https:\/\/psicomineria.cl\/?page_id=974"},"modified":"2026-03-11T16:53:02","modified_gmt":"2026-03-11T16:53:02","slug":"elementor-974","status":"publish","type":"page","link":"https:\/\/psicomineria.cl\/index.php\/elementor-974\/","title":{"rendered":"Servicios de Ingenier\u00eda Integral"},"content":{"rendered":"\t\t<div data-elementor-type=\"wp-page\" data-elementor-id=\"974\" class=\"elementor elementor-974\" data-elementor-post-type=\"page\">\n\t\t\t\t<div class=\"elementor-element elementor-element-6f44c5e e-grid e-con-boxed e-con e-parent\" data-id=\"6f44c5e\" data-element_type=\"container\" data-e-type=\"container\" data-settings=\"{&quot;background_background&quot;:&quot;classic&quot;}\">\n\t\t\t\t\t<div class=\"e-con-inner\">\n\t\t\t\t<div class=\"elementor-element elementor-element-77aad9d elementor-widget elementor-widget-elementskit-heading\" data-id=\"77aad9d\" data-element_type=\"widget\" data-e-type=\"widget\" data-widget_type=\"elementskit-heading.default\">\n\t\t\t\t\t<div class=\"ekit-wid-con\" ><div class=\"ekit-heading elementskit-section-title-wraper text_left   ekit_heading_tablet-   ekit_heading_mobile-\"><h2 class=\"ekit-heading--title elementskit-section-title \">Ingenier\u00eda &amp; Innovaci\u00f3n Industrial <\/h2>\t\t\t\t<div class='ekit-heading__description'>\n\t\t\t\t\t<p>Integraci\u00f3n de disciplinas y tecnolog\u00edas avanzadas que permiten crear procesos m\u00e1s eficientes, adaptables y competitivos en un mercado en constante evoluci\u00f3n.<\/p>\n\t\t\t\t<\/div>\n\t\t\t<\/div><\/div>\t\t\t\t<\/div>\n\t\t\t\t<div class=\"elementor-element elementor-element-12194c1 elementor-widget elementor-widget-elementskit-simple-tab\" data-id=\"12194c1\" data-element_type=\"widget\" data-e-type=\"widget\" data-widget_type=\"elementskit-simple-tab.default\">\n\t\t\t\t<div class=\"elementor-widget-container\">\n\t\t\t\t\t<div class=\"ekit-wid-con\" >        <div class=\"elementkit-tab-wraper vertical  elementskit-fitcontent-tab \">\n            <ul class=\"nav nav-tabs elementkit-tab-nav \">\n                                    <li class=\"elementkit-nav-item elementor-repeater-item-59b0242\">\n                        <a class=\"elementkit-nav-link  active show left-pos\" id=\"content-59b024269e96ff52bc08-tab\" data-ekit-handler-id=\"dise-o-integral-ingenieril\" data-ekit-toggle=\"tab\" data-target=\"#content-59b024269e96ff52bc08\" href=\"#Content-59b024269e96ff52bc08\"\n                            data-ekit-toggle-trigger=\"click\"\n                            aria-describedby=\"Content-59b024269e96ff52bc08\">\n                                                        <span class=\"elementskit-tab-title\">Dise\u00f1o Integral Ingenieril<\/span>\n                        <\/a>\n                    <\/li>\n                                        <li class=\"elementkit-nav-item elementor-repeater-item-9077dfd\">\n                        <a class=\"elementkit-nav-link  left-pos\" id=\"content-9077dfd69e96ff52bc08-tab\" data-ekit-handler-id=\"asesor-a-t-cnica\" data-ekit-toggle=\"tab\" data-target=\"#content-9077dfd69e96ff52bc08\" href=\"#Content-9077dfd69e96ff52bc08\"\n                            data-ekit-toggle-trigger=\"click\"\n                            aria-describedby=\"Content-9077dfd69e96ff52bc08\">\n                                                        <span class=\"elementskit-tab-title\">Asesor\u00eda T\u00e9cnica<\/span>\n                        <\/a>\n                    <\/li>\n                                        <li class=\"elementkit-nav-item elementor-repeater-item-00f52ae\">\n                        <a class=\"elementkit-nav-link  left-pos\" id=\"content-00f52ae69e96ff52bc08-tab\" data-ekit-handler-id=\"gesti-n-de-proyecto\" data-ekit-toggle=\"tab\" data-target=\"#content-00f52ae69e96ff52bc08\" href=\"#Content-00f52ae69e96ff52bc08\"\n                            data-ekit-toggle-trigger=\"click\"\n                            aria-describedby=\"Content-00f52ae69e96ff52bc08\">\n                                                        <span class=\"elementskit-tab-title\">Gesti\u00f3n de proyecto<\/span>\n                        <\/a>\n                    <\/li>\n                                <\/ul>\n\n            <div class=\"tab-content elementkit-tab-content\">\n                                    <div class=\"tab-pane elementkit-tab-pane elementor-repeater-item-59b0242  active show\" id=\"content-59b024269e96ff52bc08\" role=\"tabpanel\"\n                         aria-labelledby=\"content-59b024269e96ff52bc08-tab\">\n                        <div class=\"animated fadeIn\">\n                            <p>Un enfoque hol\u00edstico y multidisciplinario que considera todos los aspectos del proyecto de ingenier\u00eda desde su concepci\u00f3n e integrando dise\u00f1o arquitect\u00f3nico, estructural, energ\u00e9tico, ambiental, y de sistemas para crear soluciones eficientes, sostenibles y funcionales, a menudo utilizando la colaboraci\u00f3n estrecha de ingenieros, arquitectos, dise\u00f1adores y otras partes interesadas durante todo el ciclo de vida del proyecto para evaluar el dise\u00f1o desde diversas perspectivas para un \u00f3ptimo resultado.<\/p>                        <\/div>\n                    <\/div>\n                                    <div class=\"tab-pane elementkit-tab-pane elementor-repeater-item-9077dfd \" id=\"content-9077dfd69e96ff52bc08\" role=\"tabpanel\"\n                         aria-labelledby=\"content-9077dfd69e96ff52bc08-tab\">\n                        <div class=\"animated fadeIn\">\n                            <p>Brindamos un acompa\u00f1amiento profesional especializado bajo el concepto de obra consiste en un acompa\u00f1amiento profesional especializado, garantizando que el proyecto de construcci\u00f3n se realice de manera segura, eficiente, y cumpliendo con las normativas y est\u00e1ndares de calidad establecidos. Este servicio incluye la supervisi\u00f3n de las distintas fases de la obra, desde la calidad de los materiales y la correcta ejecuci\u00f3n hasta el control de costos y plazos, ayudando a prevenir problemas, tomar decisiones informadas y optimizar el proceso constructivo para asegurar el \u00e9xito del proyecto.<\/p>                        <\/div>\n                    <\/div>\n                                    <div class=\"tab-pane elementkit-tab-pane elementor-repeater-item-00f52ae \" id=\"content-00f52ae69e96ff52bc08\" role=\"tabpanel\"\n                         aria-labelledby=\"content-00f52ae69e96ff52bc08-tab\">\n                        <div class=\"animated fadeIn\">\n                            <p>Profesionales altamente capacitados aportan sus conocimientos, habilidades, herramientas y t\u00e9cnicas para guiar un proyecto desde su inicio hasta su fin, con el objetivo de cumplir con sus requisitos en tiempo, costo, alcance y calidad. Implica planificar, ejecutar, monitorear y controlar el proyecto, gestionando recursos y resolviendo problemas para alcanzar metas espec\u00edficas y temporales que a\u00f1adan valor a la organizaci\u00f3n.\u00a0<\/p>                        <\/div>\n                    <\/div>\n                                \n            <\/div>\n                    <\/div>\n    <\/div>\t\t\t\t<\/div>\n\t\t\t\t<\/div>\n\t\t\t\t\t<\/div>\n\t\t\t\t<\/div>\n\t\t\t\t<\/div>\n\t\t","protected":false},"excerpt":{"rendered":"<p>Ingenier\u00eda &amp; Innovaci\u00f3n Industrial Integraci\u00f3n de disciplinas y tecnolog\u00edas avanzadas que permiten crear procesos m\u00e1s eficientes, adaptables y competitivos en un mercado en constante evoluci\u00f3n. Dise\u00f1o Integral Ingenieril Asesor\u00eda T\u00e9cnica Gesti\u00f3n de proyecto Un enfoque hol\u00edstico y multidisciplinario que considera todos los aspectos del proyecto de ingenier\u00eda desde su concepci\u00f3n e integrando dise\u00f1o arquitect\u00f3nico, estructural, [&hellip;]<\/p>\n","protected":false},"author":2,"featured_media":0,"parent":0,"menu_order":0,"comment_status":"closed","ping_status":"closed","template":"","meta":{"footnotes":""},"class_list":["post-974","page","type-page","status-publish","hentry"],"yoast_head":"<!-- This site is optimized with the Yoast SEO plugin v27.4 - https:\/\/yoast.com\/product\/yoast-seo-wordpress\/ -->\n<title>Servicios de Ingenier\u00eda Integral - psicomineria.cl<\/title>\n<meta name=\"robots\" content=\"index, follow, max-snippet:-1, max-image-preview:large, max-video-preview:-1\" \/>\n<link rel=\"canonical\" href=\"https:\/\/psicomineria.cl\/index.php\/elementor-974\/\" \/>\n<meta property=\"og:locale\" content=\"es_ES\" \/>\n<meta property=\"og:type\" content=\"article\" \/>\n<meta property=\"og:title\" content=\"Servicios de Ingenier\u00eda Integral - psicomineria.cl\" \/>\n<meta property=\"og:description\" content=\"Ingenier\u00eda &amp; Innovaci\u00f3n Industrial Integraci\u00f3n de disciplinas y tecnolog\u00edas avanzadas que permiten crear procesos m\u00e1s eficientes, adaptables y competitivos en un mercado en constante evoluci\u00f3n. Dise\u00f1o Integral Ingenieril Asesor\u00eda T\u00e9cnica Gesti\u00f3n de proyecto Un enfoque hol\u00edstico y multidisciplinario que considera todos los aspectos del proyecto de ingenier\u00eda desde su concepci\u00f3n e integrando dise\u00f1o arquitect\u00f3nico, estructural, [&hellip;]\" \/>\n<meta property=\"og:url\" content=\"https:\/\/psicomineria.cl\/index.php\/elementor-974\/\" \/>\n<meta property=\"og:site_name\" content=\"psicomineria.cl\" \/>\n<meta property=\"article:modified_time\" content=\"2026-03-11T16:53:02+00:00\" \/>\n<meta name=\"twitter:card\" content=\"summary_large_image\" \/>\n<meta name=\"twitter:label1\" content=\"Tiempo de lectura\" \/>\n\t<meta name=\"twitter:data1\" content=\"2 minutos\" \/>\n<script type=\"application\/ld+json\" class=\"yoast-schema-graph\">{\"@context\":\"https:\\\/\\\/schema.org\",\"@graph\":[{\"@type\":\"WebPage\",\"@id\":\"https:\\\/\\\/psicomineria.cl\\\/index.php\\\/elementor-974\\\/\",\"url\":\"https:\\\/\\\/psicomineria.cl\\\/index.php\\\/elementor-974\\\/\",\"name\":\"Servicios de Ingenier\u00eda Integral - psicomineria.cl\",\"isPartOf\":{\"@id\":\"https:\\\/\\\/psicomineria.cl\\\/#website\"},\"datePublished\":\"2025-09-20T18:03:41+00:00\",\"dateModified\":\"2026-03-11T16:53:02+00:00\",\"breadcrumb\":{\"@id\":\"https:\\\/\\\/psicomineria.cl\\\/index.php\\\/elementor-974\\\/#breadcrumb\"},\"inLanguage\":\"es\",\"potentialAction\":[{\"@type\":\"ReadAction\",\"target\":[\"https:\\\/\\\/psicomineria.cl\\\/index.php\\\/elementor-974\\\/\"]}]},{\"@type\":\"BreadcrumbList\",\"@id\":\"https:\\\/\\\/psicomineria.cl\\\/index.php\\\/elementor-974\\\/#breadcrumb\",\"itemListElement\":[{\"@type\":\"ListItem\",\"position\":1,\"name\":\"Portada\",\"item\":\"https:\\\/\\\/psicomineria.cl\\\/\"},{\"@type\":\"ListItem\",\"position\":2,\"name\":\"Servicios de Ingenier\u00eda Integral\"}]},{\"@type\":\"WebSite\",\"@id\":\"https:\\\/\\\/psicomineria.cl\\\/#website\",\"url\":\"https:\\\/\\\/psicomineria.cl\\\/\",\"name\":\"psicomineria.cl\",\"description\":\"\",\"publisher\":{\"@id\":\"https:\\\/\\\/psicomineria.cl\\\/#organization\"},\"potentialAction\":[{\"@type\":\"SearchAction\",\"target\":{\"@type\":\"EntryPoint\",\"urlTemplate\":\"https:\\\/\\\/psicomineria.cl\\\/?s={search_term_string}\"},\"query-input\":{\"@type\":\"PropertyValueSpecification\",\"valueRequired\":true,\"valueName\":\"search_term_string\"}}],\"inLanguage\":\"es\"},{\"@type\":\"Organization\",\"@id\":\"https:\\\/\\\/psicomineria.cl\\\/#organization\",\"name\":\"psicomineria.cl\",\"url\":\"https:\\\/\\\/psicomineria.cl\\\/\",\"logo\":{\"@type\":\"ImageObject\",\"inLanguage\":\"es\",\"@id\":\"https:\\\/\\\/psicomineria.cl\\\/#\\\/schema\\\/logo\\\/image\\\/\",\"url\":\"https:\\\/\\\/psicomineria.cl\\\/wp-content\\\/uploads\\\/2025\\\/07\\\/logo90092.png\",\"contentUrl\":\"https:\\\/\\\/psicomineria.cl\\\/wp-content\\\/uploads\\\/2025\\\/07\\\/logo90092.png\",\"width\":1108,\"height\":440,\"caption\":\"psicomineria.cl\"},\"image\":{\"@id\":\"https:\\\/\\\/psicomineria.cl\\\/#\\\/schema\\\/logo\\\/image\\\/\"}}]}<\/script>\n<!-- \/ Yoast SEO plugin. -->","yoast_head_json":{"title":"Servicios de Ingenier\u00eda Integral - psicomineria.cl","robots":{"index":"index","follow":"follow","max-snippet":"max-snippet:-1","max-image-preview":"max-image-preview:large","max-video-preview":"max-video-preview:-1"},"canonical":"https:\/\/psicomineria.cl\/index.php\/elementor-974\/","og_locale":"es_ES","og_type":"article","og_title":"Servicios de Ingenier\u00eda Integral - psicomineria.cl","og_description":"Ingenier\u00eda &amp; Innovaci\u00f3n Industrial Integraci\u00f3n de disciplinas y tecnolog\u00edas avanzadas que permiten crear procesos m\u00e1s eficientes, adaptables y competitivos en un mercado en constante evoluci\u00f3n. Dise\u00f1o Integral Ingenieril Asesor\u00eda T\u00e9cnica Gesti\u00f3n de proyecto Un enfoque hol\u00edstico y multidisciplinario que considera todos los aspectos del proyecto de ingenier\u00eda desde su concepci\u00f3n e integrando dise\u00f1o arquitect\u00f3nico, estructural, [&hellip;]","og_url":"https:\/\/psicomineria.cl\/index.php\/elementor-974\/","og_site_name":"psicomineria.cl","article_modified_time":"2026-03-11T16:53:02+00:00","twitter_card":"summary_large_image","twitter_misc":{"Tiempo de lectura":"2 minutos"},"schema":{"@context":"https:\/\/schema.org","@graph":[{"@type":"WebPage","@id":"https:\/\/psicomineria.cl\/index.php\/elementor-974\/","url":"https:\/\/psicomineria.cl\/index.php\/elementor-974\/","name":"Servicios de Ingenier\u00eda Integral - psicomineria.cl","isPartOf":{"@id":"https:\/\/psicomineria.cl\/#website"},"datePublished":"2025-09-20T18:03:41+00:00","dateModified":"2026-03-11T16:53:02+00:00","breadcrumb":{"@id":"https:\/\/psicomineria.cl\/index.php\/elementor-974\/#breadcrumb"},"inLanguage":"es","potentialAction":[{"@type":"ReadAction","target":["https:\/\/psicomineria.cl\/index.php\/elementor-974\/"]}]},{"@type":"BreadcrumbList","@id":"https:\/\/psicomineria.cl\/index.php\/elementor-974\/#breadcrumb","itemListElement":[{"@type":"ListItem","position":1,"name":"Portada","item":"https:\/\/psicomineria.cl\/"},{"@type":"ListItem","position":2,"name":"Servicios de Ingenier\u00eda Integral"}]},{"@type":"WebSite","@id":"https:\/\/psicomineria.cl\/#website","url":"https:\/\/psicomineria.cl\/","name":"psicomineria.cl","description":"","publisher":{"@id":"https:\/\/psicomineria.cl\/#organization"},"potentialAction":[{"@type":"SearchAction","target":{"@type":"EntryPoint","urlTemplate":"https:\/\/psicomineria.cl\/?s={search_term_string}"},"query-input":{"@type":"PropertyValueSpecification","valueRequired":true,"valueName":"search_term_string"}}],"inLanguage":"es"},{"@type":"Organization","@id":"https:\/\/psicomineria.cl\/#organization","name":"psicomineria.cl","url":"https:\/\/psicomineria.cl\/","logo":{"@type":"ImageObject","inLanguage":"es","@id":"https:\/\/psicomineria.cl\/#\/schema\/logo\/image\/","url":"https:\/\/psicomineria.cl\/wp-content\/uploads\/2025\/07\/logo90092.png","contentUrl":"https:\/\/psicomineria.cl\/wp-content\/uploads\/2025\/07\/logo90092.png","width":1108,"height":440,"caption":"psicomineria.cl"},"image":{"@id":"https:\/\/psicomineria.cl\/#\/schema\/logo\/image\/"}}]}},"_links":{"self":[{"href":"https:\/\/psicomineria.cl\/index.php\/wp-json\/wp\/v2\/pages\/974","targetHints":{"allow":["GET"]}}],"collection":[{"href":"https:\/\/psicomineria.cl\/index.php\/wp-json\/wp\/v2\/pages"}],"about":[{"href":"https:\/\/psicomineria.cl\/index.php\/wp-json\/wp\/v2\/types\/page"}],"author":[{"embeddable":true,"href":"https:\/\/psicomineria.cl\/index.php\/wp-json\/wp\/v2\/users\/2"}],"replies":[{"embeddable":true,"href":"https:\/\/psicomineria.cl\/index.php\/wp-json\/wp\/v2\/comments?post=974"}],"version-history":[{"count":8,"href":"https:\/\/psicomineria.cl\/index.php\/wp-json\/wp\/v2\/pages\/974\/revisions"}],"predecessor-version":[{"id":1117,"href":"https:\/\/psicomineria.cl\/index.php\/wp-json\/wp\/v2\/pages\/974\/revisions\/1117"}],"wp:attachment":[{"href":"https:\/\/psicomineria.cl\/index.php\/wp-json\/wp\/v2\/media?parent=974"}],"curies":[{"name":"wp","href":"https:\/\/api.w.org\/{rel}","templated":true}]}}